{"id":468,"date":"2017-11-06T18:55:49","date_gmt":"2017-11-06T15:55:49","guid":{"rendered":"http:\/\/alpenaks.com.tr\/site\/?page_id=468"},"modified":"2019-02-03T10:10:46","modified_gmt":"2019-02-03T07:10:46","slug":"468-2","status":"publish","type":"page","link":"http:\/\/alpenaks.com.tr\/site\/468-2\/","title":{"rendered":"LAMEL"},"content":{"rendered":"<p><img loading=\"lazy\" class=\"aligncenter size-full wp-image-469\" src=\"http:\/\/alpenaks.com.tr\/site\/wp-content\/uploads\/2017\/11\/lamel.png\" alt=\"\" width=\"255\" height=\"89\" \/><\/p>\n<div class=\"address\">\n<h3>Adres<\/h3>\n<ul class=\"blank\">\n<li class=\"street\">E\u011fri\u00e7am Mah. Nevit Kodall\u0131 Cad. No: 17\/B Yeni\u015fehir MERS\u0130N 33150 T\u00dcRK\u0130YE<\/li>\n<\/ul>\n<\/div>\n<div class=\"contact\">\n<h3>\u0130leti\u015fim<\/h3>\n<ul class=\"blank\">\n<li>+90 324 328 49 13 &#8211; 14<\/li>\n<li>+ 90 324 327 93 28<\/li>\n<li><a href=\"http:\/\/www.lamel.com.tr\/\" target=\"_blank\" rel=\"noopener\">http:\/\/www.lamel.com.tr<\/a><\/li>\n<\/ul>\n<div id='formContainer411449053' class='sfForm rednaoFormContainer SfFormElementContainer bootstrap-wrapper'><\/div><script>\n            var ajaxurl = 'http:\/\/alpenaks.com.tr\/site\/wp-admin\/admin-ajax.php';\n            var smartFormsCurrentTime=new Date('Fri Apr 17 2026 11:09:34 +0000');\n            \tvar smartFormsUserName=\"\";\n            \tvar smartFormsFirstName=\"\";\n            \tvar smartFormsLastName=\"\";\n            \tvar smartFormsEmail=\"\";\n                var smartFormsPath=\"http:\/\/alpenaks.com.tr\/site\/wp-content\/plugins\/smart-forms\/\";\n                var smartDonationsRootPath=\"\";\n                var smartDonationsSandbox=\"\";\n                var smartFormsAdditionalFields3=[{\"id\":\"rednaorecaptcha2\"}];\n                var smartFormsDesignMode=false;\n                if(!window.smartFormsItemsToLoad)\n                    window.smartFormsItemsToLoad=new Array();                                                   \n        window.smartFormsItemsToLoad.push({ 'form_id':3,  'elements':[{\"ClassName\":\"rednaoname\",\"IsRequired\":\"y\",\"Formulas\":{},\"Styles\":{},\"ContainerOptions\":{\"Width\":-1,\"Id\":\"56\",\"Type\":\"single\"},\"Id\":\"rnField4\",\"Spacing\":\"col-sm-12\",\"Label\":\"Ad\u0131n\u0131z Soyad\u0131n\u0131z\",\"FirstNamePlaceholder\":\"Ad\u0131n\u0131z\",\"LastNamePlaceholder\":\"Soyad\u0131n\u0131z\",\"FirstNameValue\":\"\",\"LastNameValue\":\"\",\"ReadOnly\":\"n\",\"Icon\":{\"ClassName\":\"\"},\"CustomCSS\":\"\",\"FirstNamePlaceholder_Icon\":{\"ClassName\":\"glyphicon glyphicon-user\",\"Orientation\":\"Left\"},\"_id\":1},{\"_id\":38,\"ClassName\":\"rednaonumber\",\"IsRequired\":\"y\",\"Formulas\":{},\"Styles\":{},\"ContainerOptions\":{\"Width\":-1,\"Id\":\"129\",\"Type\":\"single\"},\"Id\":\"rnField6\",\"Spacing\":\"col-sm-12\",\"Label\":\"Telefon Numaran\u0131z\",\"Placeholder\":\"\",\"NumberOfDecimals\":0,\"MaximumValue\":\"\",\"MinimumValue\":\"\",\"Decimals\":0,\"Icon\":{\"ClassName\":\"\"},\"CustomCSS\":\"\",\"Width\":\"\",\"Placeholder_Icon\":{\"ClassName\":\"\",\"Orientation\":\"\"},\"Value\":\"\",\"_parentId\":null},{\"ClassName\":\"rednaoemail\",\"IsRequired\":\"y\",\"Formulas\":{},\"Styles\":{},\"ContainerOptions\":{\"Width\":-1,\"Id\":\"130\",\"Type\":\"single\"},\"Id\":\"rnField2\",\"Spacing\":\"col-sm-12\",\"Label\":\"Epostan\u0131z\",\"Placeholder\":\"\u00f6rnek@email.com\",\"Icon\":{\"ClassName\":\"\"},\"CustomCSS\":\"\",\"Placeholder_Icon\":{\"ClassName\":\"glyphicon glyphicon-envelope\",\"Orientation\":\"Left\"},\"_id\":2,\"ReadOnly\":\"n\",\"Value\":\"\",\"_parentId\":null},{\"ClassName\":\"rednaotextarea\",\"IsRequired\":\"y\",\"Formulas\":{},\"Styles\":{},\"ContainerOptions\":{\"Width\":-1,\"Id\":\"124\",\"Type\":\"single\"},\"Id\":\"rnField5\",\"Spacing\":\"col-sm-12\",\"Label\":\"Mesaj\u0131n\u0131z\",\"DefaultText\":\"\",\"Value\":\"\",\"Width\":\"\",\"Height\":\"\",\"Placeholder\":\"\",\"Disabled\":\"n\",\"MaxLength\":\"\",\"CustomCSS\":\"\",\"Placeholder_Icon\":{\"ClassName\":\"\",\"Orientation\":\"\"},\"_id\":3,\"_parentId\":null},{\"_id\":40,\"ClassName\":\"rednaorecaptcha2\",\"IsRequired\":\"n\",\"Formulas\":{},\"Styles\":{},\"ContainerOptions\":{\"Width\":-1,\"Id\":\"118\",\"Type\":\"single\"},\"Id\":\"captcha2\",\"Spacing\":\"col-sm-12\",\"Label\":\"Do\u011frulama\",\"SiteKey\":\"6Leb0zgUAAAAAFeNo8f_IbK5RV6Rp4XNUq-WQAPG\"},{\"ClassName\":\"rednaosubmissionbutton\",\"IsRequired\":\"n\",\"Formulas\":{},\"Styles\":{},\"ContainerOptions\":{\"Width\":-1,\"Id\":\"30\",\"Type\":\"single\"},\"Id\":\"rnField3\",\"Spacing\":\"col-sm-12\",\"ButtonText\":\"G\u00f6nder\",\"CustomCSS\":\"\",\"Icon\":{\"ClassName\":\"glyphicon glyphicon-send\",\"Orientation\":\"Add\"},\"Animated\":\"y\",\"_id\":4}],'client_form_options':{\"JavascriptCode\":[],\"CSS\":\"#rnField5 .redNaoTextAreaInput {\\n    height:54px;\\n-webkit-transition: height 200ms ease-in;\\n    -moz-transition: height 200ms ease-in;\\n    -ms-transition: height 200ms ease-in;\\n    -o-transition: height 200ms ease-in;\\n    transition: height 200ms ease-in;\\n}\\n\\n\\n\\n#rnField5 .redNaoTextAreaInput:focus {\\n    height:200px;\\n}\\n.bootstrap-wrapper.SfFormElementContainer .rednao-control-group .rednao_control_label{\\ncolor:null !important;\\n}\\n\",\"Conditions\":[],\"UsesCaptcha\":\"y\",\"CaptchaVersion\":\"2\",\"alert_message\":\"Mesaj\u0131n\u0131z ba\u015far\u0131l\u0131 bir \u015fekilde g\u00f6nderilmi\u015ftir.\",\"alert_message_cb\":\"y\",\"DontClearForm\":\"n\",\"redirect_to\":[{\"URL\":\"http:\/\/alpenaks.com.tr\/site\",\"RCSettings\":{\"Redirect\":\"always\",\"ConditionSettings\":[]}}],\"redirect_to_cb\":\"y\",\"Campaign\":null,\"PayPalEmail\":\"\",\"PayPalCondition\":{},\"PayPalType\":\"donation\",\"PayPalDescription\":\"\",\"PayPalCurrency\":null,\"Formulas\":{},\"InvalidInputMessage\":\"*Bu alan gereklidir\",\"FormType\":\"nor\",\"SplitSteps\":{},\"ToolTipPosition\":\"bottom\",\"Theme\":\"basic\",\"LabelLayout\":\"top\",\"Extensions\":{}},'container':'formContainer411449053'});<\/script>\n<\/div>\n","protected":false},"excerpt":{"rendered":"<p>Adres E\u011fri\u00e7am Mah. Nevit Kodall\u0131 Cad. No: 17\/B Yeni\u015fehir MERS\u0130N 33150 T\u00dcRK\u0130YE \u0130leti\u015fim +90 324 328 49 13 &#8211; 14 + 90 324 327 93 28 http:\/\/www.lamel.com.tr<\/p>\n","protected":false},"author":1,"featured_media":469,"parent":0,"menu_order":0,"comment_status":"closed","ping_status":"closed","template":"","meta":[],"_links":{"self":[{"href":"http:\/\/alpenaks.com.tr\/site\/wp-json\/wp\/v2\/pages\/468"}],"collection":[{"href":"http:\/\/alpenaks.com.tr\/site\/wp-json\/wp\/v2\/pages"}],"about":[{"href":"http:\/\/alpenaks.com.tr\/site\/wp-json\/wp\/v2\/types\/page"}],"author":[{"embeddable":true,"href":"http:\/\/alpenaks.com.tr\/site\/wp-json\/wp\/v2\/users\/1"}],"replies":[{"embeddable":true,"href":"http:\/\/alpenaks.com.tr\/site\/wp-json\/wp\/v2\/comments?post=468"}],"version-history":[{"count":5,"href":"http:\/\/alpenaks.com.tr\/site\/wp-json\/wp\/v2\/pages\/468\/revisions"}],"predecessor-version":[{"id":576,"href":"http:\/\/alpenaks.com.tr\/site\/wp-json\/wp\/v2\/pages\/468\/revisions\/576"}],"wp:featuredmedia":[{"embeddable":true,"href":"http:\/\/alpenaks.com.tr\/site\/wp-json\/wp\/v2\/media\/469"}],"wp:attachment":[{"href":"http:\/\/alpenaks.com.tr\/site\/wp-json\/wp\/v2\/media?parent=468"}],"curies":[{"name":"wp","href":"https:\/\/api.w.org\/{rel}","templated":true}]}}