{"id":7,"date":"2017-11-03T19:34:52","date_gmt":"2017-11-03T16:34:52","guid":{"rendered":"http:\/\/alpenaks.com.tr\/site\/?page_id=7"},"modified":"2017-11-15T20:26:50","modified_gmt":"2017-11-15T18:26:50","slug":"erol-berktas","status":"publish","type":"page","link":"http:\/\/alpenaks.com.tr\/site\/erol-berktas\/","title":{"rendered":"EROL BERKTA\u015e"},"content":{"rendered":"<p><img loading=\"lazy\" class=\"size-full wp-image-12 alignleft\" src=\"http:\/\/alpenaks.com.tr\/site\/wp-content\/uploads\/2017\/11\/erol.jpg\" alt=\"\" width=\"99\" height=\"145\" \/><strong>Ad\u0131, Soyad\u0131 \u00a0 \u00a0: Erol Berkta\u015f<\/strong><\/p>\n<p><strong>Do\u011fum Tarihi :05.05.1969<\/strong><\/p>\n<p><strong>GENEL M\u00dcD\u00dcR<\/strong><\/p>\n<p><strong>1990 y\u0131l\u0131 \u00f6ncesinde tiyatrolarda oyunculuk ve organizasyon i\u015fleri ile u\u011fra\u015fan erol berkta\u015f, 1990 y\u0131l\u0131nda al\u00fcminyum sekt\u00f6r\u00fcne ad\u0131m atarak, al\u00fcminyum profil sat\u0131\u015f\u0131 ile ba\u015flayan sekt\u00f6rdeki ser\u00fcvenine, do\u011frama ve aksesuar sat\u0131\u015f\u0131 ekleyerek 1999 y\u0131l\u0131na kadar s\u00fcrd\u00fcrm\u00fc\u015ft\u00fcr. 1999 y\u0131l\u0131na gelindi\u011finde sekt\u00f6rde kazanm\u0131\u015f oldu\u011fu deneyim ve birikimlerini, kendi kurdu\u011fu Alpenaks Al\u00fcminyum Panjur Aksesuarlar\u0131 \u015firketi ile \u2018Aksesuarda \u00c7\u00f6z\u00fcm Ararken\u2019 slogan\u0131n\u0131 ilke edinerek yola \u00e7\u0131km\u0131\u015ft\u0131r.<\/strong><\/p>\n<p><strong>\u00a0<\/strong><\/p>\n<p><strong>Erol berkta\u015f, Yarat\u0131c\u0131 ki\u015fili\u011fi ile sekt\u00f6r i\u00e7indeki geli\u015fmeleri yak\u0131ndan takip ederek, hizmet verdi\u011fi b\u00f6lgesinde yenilikleri sunmay\u0131, m\u00fc\u015fterilerine her konuda yard\u0131mc\u0131 olmay\u0131 ilke edinmi\u015ftir. Hedeflerini bir ad\u0131m daha \u00f6teye ta\u015f\u0131yan Erol Berkta\u015f, kurumsalla\u015fma yolunda Alpenaks ltd \u00e7al\u0131\u015fanlar\u0131n\u0131n e\u011fitimine b\u00fcy\u00fck \u00f6nem vermi\u015ftir. Her konuda e\u011fitimin \u00f6nemini ve gereklili\u011fini hat\u0131rlatarak, hizmet i\u00e7i e\u011fitim d\u00fczenleyerek, sekt\u00f6rde Alpenaks Ltd.\u015fti&#8217;nin farkl\u0131l\u0131\u011f\u0131n\u0131 ortaya koymaya \u00e7al\u0131\u015fmaktad\u0131r.<\/strong><\/p>\n","protected":false},"excerpt":{"rendered":"<p>Ad\u0131, Soyad\u0131 \u00a0 \u00a0: Erol Berkta\u015f Do\u011fum Tarihi :05.05.1969 GENEL M\u00dcD\u00dcR 1990 y\u0131l\u0131 \u00f6ncesinde tiyatrolarda oyunculuk ve organizasyon i\u015fleri ile u\u011fra\u015fan erol berkta\u015f, 1990 y\u0131l\u0131nda al\u00fcminyum sekt\u00f6r\u00fcne ad\u0131m atarak, al\u00fcminyum profil sat\u0131\u015f\u0131 ile ba\u015flayan sekt\u00f6rdeki ser\u00fcvenine, do\u011frama ve aksesuar sat\u0131\u015f\u0131 ekleyerek 1999 y\u0131l\u0131na kadar s\u00fcrd\u00fcrm\u00fc\u015ft\u00fcr. 1999 y\u0131l\u0131na gelindi\u011finde sekt\u00f6rde kazanm\u0131\u015f oldu\u011fu deneyim ve birikimlerini, kendi [&hellip;]<\/p>\n","protected":false},"author":1,"featured_media":12,"parent":0,"menu_order":0,"comment_status":"closed","ping_status":"closed","template":"","meta":[],"_links":{"self":[{"href":"http:\/\/alpenaks.com.tr\/site\/wp-json\/wp\/v2\/pages\/7"}],"collection":[{"href":"http:\/\/alpenaks.com.tr\/site\/wp-json\/wp\/v2\/pages"}],"about":[{"href":"http:\/\/alpenaks.com.tr\/site\/wp-json\/wp\/v2\/types\/page"}],"author":[{"embeddable":true,"href":"http:\/\/alpenaks.com.tr\/site\/wp-json\/wp\/v2\/users\/1"}],"replies":[{"embeddable":true,"href":"http:\/\/alpenaks.com.tr\/site\/wp-json\/wp\/v2\/comments?post=7"}],"version-history":[{"count":3,"href":"http:\/\/alpenaks.com.tr\/site\/wp-json\/wp\/v2\/pages\/7\/revisions"}],"predecessor-version":[{"id":515,"href":"http:\/\/alpenaks.com.tr\/site\/wp-json\/wp\/v2\/pages\/7\/revisions\/515"}],"wp:featuredmedia":[{"embeddable":true,"href":"http:\/\/alpenaks.com.tr\/site\/wp-json\/wp\/v2\/media\/12"}],"wp:attachment":[{"href":"http:\/\/alpenaks.com.tr\/site\/wp-json\/wp\/v2\/media?parent=7"}],"curies":[{"name":"wp","href":"https:\/\/api.w.org\/{rel}","templated":true}]}}